{"id":338,"date":"2025-12-22T06:47:56","date_gmt":"2025-12-22T06:47:56","guid":{"rendered":"https:\/\/digitalizazioakmzero.eus\/?page_id=338"},"modified":"2026-04-21T07:17:30","modified_gmt":"2026-04-21T07:17:30","slug":"politica-de-privacidad","status":"publish","type":"page","link":"https:\/\/digitalizazioakmzero.eus\/es\/politica-de-privacidad\/","title":{"rendered":"Pol\u00edtica de privacidad"},"content":{"rendered":"<section class=\"l-section wpb_row us_custom_b91424ac height_medium\"><div class=\"l-section-h i-cf\"><div class=\"g-cols vc_row via_grid cols_1 laptops-cols_inherit tablets-cols_inherit mobiles-cols_1 valign_top type_default stacking_default\"><div class=\"wpb_column vc_column_container\"><div class=\"vc_column-inner\"><h2 class=\"w-post-elm post_title us_custom_4edece6e entry-title color_link_inherit\">Pol\u00edtica de privacidad<\/h2><div class=\"g-cols wpb_row via_grid cols_2-1 laptops-cols_inherit tablets-cols_inherit mobiles-cols_1 valign_top type_default stacking_default\" style=\"--columns-gap:3rem;\"><div class=\"wpb_column vc_column_container\"><div class=\"vc_column-inner\"><div class=\"wpb_text_column\"><div class=\"wpb_wrapper\"><p><span>La presente pol\u00edtica de privacidad tiene por objeto informar sobre los tratamientos de datos personales en este sitio web y describir los derechos de asistencia a los interesados, de conformidad con el Reglamento (UE) <\/span>2016\/679 del Parlamento Europeo y del Consejo, de 27 de abril de 2016, relativo a la protecci\u00f3n de las personas f\u00edsicas en lo que respecta al tratamiento de datos personales y a la libre circulaci\u00f3n de estos datos, y la protecci\u00f3n de los datos personales y garant\u00eda de los derechos digitales, de conformidad con la Ley Org\u00e1nica 3\/2018, de 5 de diciembre.<span><\/span><\/p>\n<p><strong><span>\u00bfQui\u00e9n es el responsable del tratamiento de sus datos personales?<\/span><\/strong><\/p>\n<p><span>NOMBRE DE LA ENTIDAD<\/span>: Lore Martinez Axpe<\/p>\n<p>E-mail: <a href=\"mailto:kaixo@digitalizazioakmzero.eus\" target=\"_blank\" rel=\"noopener\">kaixo@digitalizazioakmzero.eus<\/a><\/p>\n<p><strong>\u00bfCon qu\u00e9 finalidad <\/strong><strong>recabamos<\/strong><strong> sus datos?<\/strong><\/p>\n<p><span>Lore Martinez Axpealmacena estos datos con la finalidad<\/span> de XXX.<\/p>\n<p><strong>\u00bfDurante <\/strong><strong>cu\u00e1nto<\/strong><strong> tiempo se almacenan los datos?<\/strong><\/p>\n<p>Mientras no ordene que se retiren, sus datos se almacenar\u00e1n en el fichero XXX de Lore Martinez Axpe.<\/p>\n<p><strong>\u00bfQu\u00e9 nos legitima a utilizar sus datos?<\/strong><\/p>\n<p><span>La base legal <\/span>para el\u00a0tratamiento de los datos recabados a trav\u00e9s de la web <a href=\"https:\/\/digitalizazioaKMzero.eus\">www.digitalizazioaKMzero.eus<\/a> <span>de<\/span> Lore Martinez Axpe es la siguiente:<\/p>\n<ol>\n<li>a<strong>.\u00a0<\/strong><span>El consentimiento expreso que nos ha dado al inscribirse.<\/span><\/li>\n<\/ol>\n<p><strong>\u00bfA qui\u00e9n se le <\/strong><strong>ceder\u00e1n <\/strong><strong>sus datos?<\/strong><\/p>\n<p>Lore Martinez Axpe pondr\u00e1 estos datos a disposici\u00f3n de terceros.<\/p>\n<p><strong>\u00bfCu\u00e1les son sus derechos cuando nos <\/strong><strong>facilita <\/strong><strong>sus datos personales?<\/strong><\/p>\n<p>La persona que proporcione sus datos podr\u00e1 ejercer los siguientes derechos sobre los mismos:<\/p>\n<p><u><em>Derecho de acceso:<\/em><\/u> La persona que facilite sus datos a Lore Martinez Axpe podr\u00e1 solicitarle dichos datos para confirmar que est\u00e1 tratando sus datos personales.<\/p>\n<p><u><em>Derecho de rectificaci\u00f3n:<\/em><\/u> La persona que facilite sus datos podr\u00e1 solicitar la rectificaci\u00f3n de sus datos personales a Lore Martinez Axpe si estos no son correctos o no est\u00e1n completos.<\/p>\n<p><u><em>Derecho de supresi\u00f3n:<\/em><\/u> La persona que facilite sus datos podr\u00e1 solicitar a Lore Martinez Axpe la supresi\u00f3n de sus datos personales, entre otros casos, cuando ya no sean necesarios para los objetivos para los que se recabaron.<\/p>\n<p><u><em>Derecho de oposici\u00f3n:<\/em><\/u> La persona que facilite sus datos puede oponerse a que Lore Martinez Axpe sus datos personales. En ese caso, Lore Martinez Axpe solo los conservar\u00e1 para hacer reclamaciones o para protegerse de ellas.<\/p>\n<p><u><em>Derecho a <\/em><\/u><u><em>limitar el <\/em><\/u><u><em>tratamiento<\/em><\/u><u><em>:<\/em><\/u> La persona que facilite sus datos\u00a0puede solicitar a Lore Martinez Axpe que no utilice sus datos personales de forma provisional y para usos espec\u00edficos. En ese caso, Lore Martinez Axpe solo los conservar\u00e1 para hacer reclamaciones o para protegerse de ellas.<\/p>\n<p><u><em>Derecho a la portabilidad:<\/em><\/u> La persona que facilite sus datos podr\u00e1 solicitar a Lore Martinez Axpe que facilite sus datos en un formato estructurado y de f\u00e1cil acceso. Del mismo modo, podr\u00e1 solicitarle que le entregue sus datos a otro responsable.<\/p>\n<p><u><em>Derecho a <\/em><\/u><u><em>revocar el consentimiento<\/em><\/u><u><em>:<\/em><\/u>\u00a0Si los datos personales se han obtenido con consentimiento expreso, la persona que facilite sus datos tendr\u00e1 derecho a revocar ese consentimiento en cualquier momento.<\/p>\n<p><u><em>Derecho a presentar reclamaciones:<\/em><\/u>\u00a0La persona que facilite sus datos tendr\u00e1 derecho a presentar una reclamaci\u00f3n ante la Agencia Espa\u00f1ola de Protecci\u00f3n de Datos, en particular si considera que el ejercicio de sus derechos no ha sido adecuado. Dicha reclamaci\u00f3n puede realizarse por v\u00eda telem\u00e1tica, a trav\u00e9s de la sede electr\u00f3nica (<a href=\"https:\/\/www.agpd.es\/\">www.agpd.es<\/a>) o dirigi\u00e9ndose a la siguiente direcci\u00f3n (C\/ Jorge Juan, 6, 28001-Madrid)<\/p>\n<p>Para ejercer cualquiera de estos derechos, la persona que facilite sus datos puede dirigirse a la direcci\u00f3n postal o la direcci\u00f3n electr\u00f3nica de Lore Martinez Axpe, presentando una copia del DNI para poder comprobar su identidad.<\/p>\n<\/div><\/div><\/div><\/div><div class=\"wpb_column vc_column_container\"><div class=\"vc_column-inner\"><\/div><\/div><\/div><div class=\"w-separator size_huge\"><\/div><\/div><\/div><\/div><\/div><\/section>\n","protected":false},"excerpt":{"rendered":"Pol\u00edtica de privacidad La presente pol\u00edtica de privacidad tiene por objeto informar sobre los tratamientos de datos personales en este sitio web y describir los derechos de asistencia a los interesados, de conformidad con el Reglamento (UE) 2016\/679 del Parlamento Europeo y del Consejo, de 27 de abril de 2016, relativo a la protecci\u00f3n de...","protected":false},"author":1,"featured_media":0,"parent":0,"menu_order":0,"comment_status":"closed","ping_status":"open","template":"","meta":{"_acf_changed":false,"footnotes":""},"class_list":["post-338","page","type-page","status-publish","hentry"],"acf":[],"aioseo_notices":[],"_links":{"self":[{"href":"https:\/\/digitalizazioakmzero.eus\/es\/wp-json\/wp\/v2\/pages\/338","targetHints":{"allow":["GET"]}}],"collection":[{"href":"https:\/\/digitalizazioakmzero.eus\/es\/wp-json\/wp\/v2\/pages"}],"about":[{"href":"https:\/\/digitalizazioakmzero.eus\/es\/wp-json\/wp\/v2\/types\/page"}],"author":[{"embeddable":true,"href":"https:\/\/digitalizazioakmzero.eus\/es\/wp-json\/wp\/v2\/users\/1"}],"replies":[{"embeddable":true,"href":"https:\/\/digitalizazioakmzero.eus\/es\/wp-json\/wp\/v2\/comments?post=338"}],"version-history":[{"count":3,"href":"https:\/\/digitalizazioakmzero.eus\/es\/wp-json\/wp\/v2\/pages\/338\/revisions"}],"predecessor-version":[{"id":483,"href":"https:\/\/digitalizazioakmzero.eus\/es\/wp-json\/wp\/v2\/pages\/338\/revisions\/483"}],"wp:attachment":[{"href":"https:\/\/digitalizazioakmzero.eus\/es\/wp-json\/wp\/v2\/media?parent=338"}],"curies":[{"name":"wp","href":"https:\/\/api.w.org\/{rel}","templated":true}]}}